{"id":536,"date":"2020-02-25T10:35:23","date_gmt":"2020-02-25T09:35:23","guid":{"rendered":"http:\/\/baustelle.gasthofzuerchel.de\/?page_id=536"},"modified":"2023-08-02T14:44:12","modified_gmt":"2023-08-02T12:44:12","slug":"impressum","status":"publish","type":"page","link":"https:\/\/gasthofzuerchel.de\/index.php\/impressum\/","title":{"rendered":"Impressum"},"content":{"rendered":"\n\n\t<section class=\"section header_pferd\" id=\"section_657103537\">\n\t\t<div class=\"section-bg fill\" >\n\t\t\t\t\t\t\t\t\t\n\t\t\t\n\n\t\t<\/div>\n\n\t\t\n\n\t\t<div class=\"section-content relative\">\n\t\t\t\n\n<div class=\"slider-wrapper relative\" id=\"slider-891487640\" >\n    <div class=\"slider slider-nav-circle slider-nav-large slider-nav-light slider-style-normal\"\n        data-flickity-options='{\n            \"cellAlign\": \"center\",\n            \"imagesLoaded\": true,\n            \"lazyLoad\": 1,\n            \"freeScroll\": false,\n            \"wrapAround\": true,\n            \"autoPlay\": 6000,\n            \"pauseAutoPlayOnHover\" : true,\n            \"prevNextButtons\": false,\n            \"contain\" : true,\n            \"adaptiveHeight\" : true,\n            \"dragThreshold\" : 10,\n            \"percentPosition\": true,\n            \"pageDots\": false,\n            \"rightToLeft\": false,\n            \"draggable\": true,\n            \"selectedAttraction\": 0.1,\n            \"parallax\" : 0,\n            \"friction\": 0.6        }'\n        >\n        \n\n\n  <div class=\"banner has-hover\" id=\"banner-374264707\">\n          <div class=\"banner-inner fill\">\n        <div class=\"banner-bg fill\" >\n            <img decoding=\"async\" width=\"1920\" height=\"1101\" data-src=\"https:\/\/b3236045.smushcdn.com\/3236045\/wp-content\/uploads\/2019\/10\/rakotzbrucke-2750538_1920.jpg?lossy=2&strip=1&webp=1\" class=\"bg attachment-original size-original lazyload\" alt=\"\" data-srcset=\"https:\/\/b3236045.smushcdn.com\/3236045\/wp-content\/uploads\/2019\/10\/rakotzbrucke-2750538_1920.jpg?lossy=2&amp;strip=1&amp;webp=1 1920w, https:\/\/b3236045.smushcdn.com\/3236045\/wp-content\/uploads\/2019\/10\/rakotzbrucke-2750538_1920-300x172.jpg?lossy=2&amp;strip=1&amp;webp=1 300w, https:\/\/b3236045.smushcdn.com\/3236045\/wp-content\/uploads\/2019\/10\/rakotzbrucke-2750538_1920-768x440.jpg?lossy=2&amp;strip=1&amp;webp=1 768w, https:\/\/b3236045.smushcdn.com\/3236045\/wp-content\/uploads\/2019\/10\/rakotzbrucke-2750538_1920-1024x587.jpg?lossy=2&amp;strip=1&amp;webp=1 1024w, https:\/\/b3236045.smushcdn.com\/3236045\/wp-content\/uploads\/2019\/10\/rakotzbrucke-2750538_1920.jpg?size=204x117&amp;lossy=2&amp;strip=1&amp;webp=1 204w, https:\/\/b3236045.smushcdn.com\/3236045\/wp-content\/uploads\/2019\/10\/rakotzbrucke-2750538_1920.jpg?size=408x234&amp;lossy=2&amp;strip=1&amp;webp=1 408w, https:\/\/b3236045.smushcdn.com\/3236045\/wp-content\/uploads\/2019\/10\/rakotzbrucke-2750538_1920.jpg?size=612x351&amp;lossy=2&amp;strip=1&amp;webp=1 612w, https:\/\/b3236045.smushcdn.com\/3236045\/wp-content\/uploads\/2019\/10\/rakotzbrucke-2750538_1920.jpg?size=1530x877&amp;lossy=2&amp;strip=1&amp;webp=1 1530w\" data-sizes=\"auto\" src=\"data:image\/svg+xml;base64,PHN2ZyB3aWR0aD0iMSIgaGVpZ2h0PSIxIiB4bWxucz0iaHR0cDovL3d3dy53My5vcmcvMjAwMC9zdmciPjwvc3ZnPg==\" style=\"--smush-placeholder-width: 1920px; --smush-placeholder-aspect-ratio: 1920\/1101;\" data-original-sizes=\"(max-width: 1920px) 100vw, 1920px\" \/>                        <div class=\"overlay\"><\/div>            \n                    <\/div>\n\t\t\n        <div class=\"banner-layers container\">\n            <div class=\"fill banner-link\"><\/div>            \n\n   <div id=\"text-box-743213573\" class=\"text-box banner-layer x50 md-x50 lg-x50 y65 md-y65 lg-y65 res-text\">\n                     <div data-animate=\"blurIn\">           <div class=\"text-box-content text dark text-shadow-3\">\n              \n              <div class=\"text-inner text-center\">\n                  \n\n\t<div class=\"img has-hover x md-x lg-x y md-y lg-y\" id=\"image_132606524\">\n\t\t\t\t\t\t\t\t<div class=\"img-inner dark\" >\n\t\t\t<img decoding=\"async\" width=\"1020\" height=\"585\" data-src=\"https:\/\/b3236045.smushcdn.com\/3236045\/wp-content\/uploads\/2019\/10\/rakotzbrucke-2750538_1920-1024x587.jpg?lossy=2&strip=1&webp=1\" class=\"attachment-large size-large lazyload\" alt=\"\" data-srcset=\"https:\/\/b3236045.smushcdn.com\/3236045\/wp-content\/uploads\/2019\/10\/rakotzbrucke-2750538_1920-1024x587.jpg?lossy=2&strip=1&webp=1 1024w, https:\/\/b3236045.smushcdn.com\/3236045\/wp-content\/uploads\/2019\/10\/rakotzbrucke-2750538_1920-300x172.jpg?lossy=2&strip=1&webp=1 300w, https:\/\/b3236045.smushcdn.com\/3236045\/wp-content\/uploads\/2019\/10\/rakotzbrucke-2750538_1920-768x440.jpg?lossy=2&strip=1&webp=1 768w, https:\/\/b3236045.smushcdn.com\/3236045\/wp-content\/uploads\/2019\/10\/rakotzbrucke-2750538_1920.jpg?lossy=2&strip=1&webp=1 1920w, https:\/\/b3236045.smushcdn.com\/3236045\/wp-content\/uploads\/2019\/10\/rakotzbrucke-2750538_1920.jpg?size=204x117&lossy=2&strip=1&webp=1 204w, https:\/\/b3236045.smushcdn.com\/3236045\/wp-content\/uploads\/2019\/10\/rakotzbrucke-2750538_1920.jpg?size=408x234&lossy=2&strip=1&webp=1 408w, https:\/\/b3236045.smushcdn.com\/3236045\/wp-content\/uploads\/2019\/10\/rakotzbrucke-2750538_1920.jpg?size=612x351&lossy=2&strip=1&webp=1 612w\" data-sizes=\"auto\" src=\"data:image\/svg+xml;base64,PHN2ZyB3aWR0aD0iMSIgaGVpZ2h0PSIxIiB4bWxucz0iaHR0cDovL3d3dy53My5vcmcvMjAwMC9zdmciPjwvc3ZnPg==\" style=\"--smush-placeholder-width: 1020px; --smush-placeholder-aspect-ratio: 1020\/585;\" data-original-sizes=\"(max-width: 1020px) 100vw, 1020px\" \/>\t\t\t\t\t\t\n\t\t\t\t\t<\/div>\n\t\t\t\t\t\t\t\t\n<style>\n#image_132606524 {\n  width: 100%;\n}\n<\/style>\n\t<\/div>\n\t\n\n<h1 data-line-height=\"xs\"><strong>Impressum<\/strong><\/h1>\n\n              <\/div>\n           <\/div>\n       <\/div>                     \n<style>\n#text-box-743213573 {\n  width: 70%;\n}\n#text-box-743213573 .text-box-content {\n  font-size: 100%;\n}\n<\/style>\n    <\/div>\n \n\t<div class=\"img has-hover x50 md-x50 lg-x50 y50 md-y50 lg-y50\" id=\"image_1442333677\">\n\t\t\t\t\t\t\t\t<div class=\"img-inner dark\" >\n\t\t\t<img decoding=\"async\" width=\"1020\" height=\"680\" data-src=\"https:\/\/b3236045.smushcdn.com\/3236045\/wp-content\/uploads\/2019\/10\/schnitzel-4081269_1920-1024x683.jpg?lossy=2&strip=1&webp=1\" class=\"attachment-large size-large lazyload\" alt=\"\" data-srcset=\"https:\/\/b3236045.smushcdn.com\/3236045\/wp-content\/uploads\/2019\/10\/schnitzel-4081269_1920-1024x683.jpg?lossy=2&strip=1&webp=1 1024w, https:\/\/b3236045.smushcdn.com\/3236045\/wp-content\/uploads\/2019\/10\/schnitzel-4081269_1920-300x200.jpg?lossy=2&strip=1&webp=1 300w, https:\/\/b3236045.smushcdn.com\/3236045\/wp-content\/uploads\/2019\/10\/schnitzel-4081269_1920-768x512.jpg?lossy=2&strip=1&webp=1 768w, https:\/\/b3236045.smushcdn.com\/3236045\/wp-content\/uploads\/2019\/10\/schnitzel-4081269_1920.jpg?lossy=2&strip=1&webp=1 1920w, https:\/\/b3236045.smushcdn.com\/3236045\/wp-content\/uploads\/2019\/10\/schnitzel-4081269_1920.jpg?size=204x136&lossy=2&strip=1&webp=1 204w, https:\/\/b3236045.smushcdn.com\/3236045\/wp-content\/uploads\/2019\/10\/schnitzel-4081269_1920.jpg?size=408x272&lossy=2&strip=1&webp=1 408w, https:\/\/b3236045.smushcdn.com\/3236045\/wp-content\/uploads\/2019\/10\/schnitzel-4081269_1920.jpg?size=612x408&lossy=2&strip=1&webp=1 612w\" data-sizes=\"auto\" src=\"data:image\/svg+xml;base64,PHN2ZyB3aWR0aD0iMSIgaGVpZ2h0PSIxIiB4bWxucz0iaHR0cDovL3d3dy53My5vcmcvMjAwMC9zdmciPjwvc3ZnPg==\" style=\"--smush-placeholder-width: 1020px; --smush-placeholder-aspect-ratio: 1020\/680;\" data-original-sizes=\"(max-width: 1020px) 100vw, 1020px\" \/>\t\t\t\t\t\t\n\t\t\t\t\t<\/div>\n\t\t\t\t\t\t\t\t\n<style>\n#image_1442333677 {\n  width: 100%;\n}\n<\/style>\n\t<\/div>\n\t\n\n   <div id=\"text-box-424254486\" class=\"text-box banner-layer x50 md-x50 lg-x50 y20 md-y20 lg-y20 res-text\">\n                     <div data-animate=\"flipInY\">           <div class=\"text-box-content text dark\">\n              \n              <div class=\"text-inner text-center\">\n                  \n\n<p><img decoding=\"async\" class=\"wp-image-128 aligncenter lazyload\" data-src=\"http:\/\/baustelle.gasthofzuerchel.de\/wp-content\/uploads\/2019\/10\/Baum-300x300.png\" alt=\"\" width=\"104\" height=\"104\" data-srcset=\"https:\/\/gasthofzuerchel.de\/wp-content\/uploads\/2019\/10\/Baum-300x300.png 300w, https:\/\/gasthofzuerchel.de\/wp-content\/uploads\/2019\/10\/Baum-150x150.png 150w, https:\/\/gasthofzuerchel.de\/wp-content\/uploads\/2019\/10\/Baum-768x768.png 768w, https:\/\/gasthofzuerchel.de\/wp-content\/uploads\/2019\/10\/Baum.png 793w\" data-sizes=\"auto\" src=\"data:image\/svg+xml;base64,PHN2ZyB3aWR0aD0iMSIgaGVpZ2h0PSIxIiB4bWxucz0iaHR0cDovL3d3dy53My5vcmcvMjAwMC9zdmciPjwvc3ZnPg==\" style=\"--smush-placeholder-width: 104px; --smush-placeholder-aspect-ratio: 104\/104;\" data-original-sizes=\"(max-width: 104px) 100vw, 104px\" \/><\/p>\n\n              <\/div>\n           <\/div>\n       <\/div>                     \n<style>\n#text-box-424254486 {\n  width: 10%;\n}\n#text-box-424254486 .text-box-content {\n  font-size: 100%;\n}\n<\/style>\n    <\/div>\n \n\n        <\/div>\n      <\/div>\n\n            \n<style>\n#banner-374264707 {\n  padding-top: 662px;\n}\n#banner-374264707 .overlay {\n  background-color: rgba(0, 0, 0, 0.33);\n}\n#banner-374264707 .banner-bg img {\n  object-position: 29% 34%;\n}\n<\/style>\n  <\/div>\n\n\n\n     <\/div>\n\n     <div class=\"loading-spin dark large centered\"><\/div>\n\n\t<\/div>\n\n\n<div class=\"is-divider divider clearfix\" style=\"margin-top:0.0em;margin-bottom:0.0em;max-width:3000px;height:11px;background-color:rgb(215, 140, 117);\"><\/div>\n\n\n\t\t<\/div>\n\n\t\t\n<style>\n#section_657103537 {\n  padding-top: 0px;\n  padding-bottom: 0px;\n  min-height: 500px;\n}\n<\/style>\n\t<\/section>\n\t\n\t<div id=\"gap-2111015189\" class=\"gap-element clearfix\" style=\"display:block; height:auto;\">\n\t\t\n<style>\n#gap-2111015189 {\n  padding-top: 53px;\n}\n<\/style>\n\t<\/div>\n\t\n\n<div class=\"container section-title-container\" ><h1 class=\"section-title section-title-center\"><b aria-hidden=\"true\"><\/b><span class=\"section-title-main\" style=\"font-size:146%;color:rgb(139, 55, 45);\">Angaben gem\u00e4\u00df \u00a7 5 TMG<\/span><b aria-hidden=\"true\"><\/b><\/h1><\/div>\n\n\t<div id=\"gap-975464148\" class=\"gap-element clearfix\" style=\"display:block; height:auto;\">\n\t\t\n<style>\n#gap-975464148 {\n  padding-top: 20px;\n}\n<\/style>\n\t<\/div>\n\t\n\n<div class=\"row\"  id=\"row-1356027149\">\n\n\n\t<div id=\"col-1034881897\" class=\"col medium-9 small-12 large-9\"  >\n\t\t\t\t<div class=\"col-inner\"  >\n\t\t\t\n\t\t\t\n\n<p>Gasthof &#8222;Zur Erholung&#8220; Z\u00fcrchel<br \/>Finsterwalder Stra\u00dfe 5<br \/>03238 Sallgast OT Z\u00fcrchel<\/p>\n<p>Inhaber: Steffen Paulisch<\/p>\n<h2>Kontakt<\/h2>\n<p>Telefon: 035329 &#8211; 55456<br \/>Telefax: 035329 &#8211; 55404<br \/>E-Mail: info@gasthofzuerchel.de<\/p>\n\n\t\t<\/div>\n\t\t\t\t\t<\/div>\n\n\t\n\n\t<div id=\"col-1169988690\" class=\"col small-12 large-12\"  >\n\t\t\t\t<div class=\"col-inner\"  >\n\t\t\t\n\t\t\t\n\n<div class=\"et_pb_module et_pb_text et_pb_text_1  et_pb_text_align_left et_pb_bg_layout_light\">\n<div class=\"et_pb_text_inner\">\n<p><strong>Haftungsausschluss:<\/strong><\/p>\n<p><strong>Haftung f\u00fcr Inhalte<\/strong><\/p>\n<p>Die Inhalte unserer Seiten wurden mit gr\u00f6\u00dfter Sorgfalt erstellt. F\u00fcr die Richtigkeit, Vollst\u00e4ndigkeit und Aktualit\u00e4t der Inhalte k\u00f6nnen wir jedoch keine Gew\u00e4hr \u00fcbernehmen. Als Diensteanbieter sind wir gem\u00e4\u00df \u00a7 7 Abs.1 TMG f\u00fcr eigene Inhalte auf diesen Seiten nach den allgemeinen Gesetzen verantwortlich. Nach \u00a7\u00a7 8 bis 10 TMG sind wir als Diensteanbieter jedoch nicht verpflichtet, \u00fcbermittelte oder gespeicherte fremde Informationen zu \u00fcberwachen oder nach Umst\u00e4nden zu forschen, die auf eine rechtswidrige T\u00e4tigkeit hinweisen. Verpflichtungen zur Entfernung oder Sperrung der Nutzung von Informationen nach den allgemeinen Gesetzen bleiben hiervon unber\u00fchrt. Eine diesbez\u00fcgliche Haftung ist jedoch erst ab dem Zeitpunkt der Kenntnis einer konkreten Rechtsverletzung m\u00f6glich. Bei Bekanntwerden von entsprechenden Rechtsverletzungen werden wir diese Inhalte umgehend entfernen.<\/p>\n<p><strong>Haftung f\u00fcr Links<\/strong><\/p>\n<p>Unser Angebot enth\u00e4lt Links zu externen Webseiten Dritter, auf deren Inhalte wir keinen Einfluss haben. Deshalb k\u00f6nnen wir f\u00fcr diese fremden Inhalte auch keine Gew\u00e4hr \u00fcbernehmen. F\u00fcr die Inhalte der verlinkten Seiten ist stets der jeweilige Anbieter oder Betreiber der Seiten verantwortlich. Die verlinkten Seiten wurden zum Zeitpunkt der Verlinkung auf m\u00f6gliche Rechtsverst\u00f6\u00dfe \u00fcberpr\u00fcft. Rechtswidrige Inhalte waren zum Zeitpunkt der Verlinkung nicht erkennbar. Eine permanente inhaltliche Kontrolle der verlinkten Seiten ist jedoch ohne konkrete Anhaltspunkte einer Rechtsverletzung nicht zumutbar. Bei Bekanntwerden von Rechtsverletzungen werden wir derartige Links umgehend entfernen.<\/p>\n<p><strong>Urheberrecht<\/strong><\/p>\n<p>Die durch die Seitenbetreiber erstellten Inhalte und Werke auf diesen Seiten unterliegen dem deutschen Urheberrecht. Die Vervielf\u00e4ltigung, Bearbeitung, Verbreitung und jede Art der Verwertung au\u00dferhalb der Grenzen des Urheberrechtes bed\u00fcrfen der schriftlichen Zustimmung des jeweiligen Autors bzw. Erstellers. Downloads und Kopien dieser Seite sind nur f\u00fcr den privaten, nicht kommerziellen Gebrauch gestattet. Soweit die Inhalte auf dieser Seite nicht vom Betreiber erstellt wurden, werden die Urheberrechte Dritter beachtet. Insbesondere werden Inhalte Dritter als solche gekennzeichnet. Sollten Sie trotzdem auf eine Urheberrechtsverletzung aufmerksam werden, bitten wir um einen entsprechenden Hinweis. Bei Bekanntwerden von Rechtsverletzungen werden wir derartige Inhalte umgehend entfernen.<\/p>\n<\/div>\n<\/div>\n<div class=\"et_pb_module et_pb_divider et_pb_divider_1 et_pb_divider_position_center et_pb_space et_had_animation\">\n<div class=\"et_pb_divider_internal\">\n<hr \/>\n<\/div>\n<\/div>\n<div class=\"et_pb_module et_pb_text et_pb_text_2  et_pb_text_align_left et_pb_bg_layout_light\">\n<div class=\"et_pb_text_inner\">\n<p><strong>Informationspflicht gem. Verbraucherstreitbeilegungsgesetz (\u00a7 36 VSBG)<\/strong><\/p>\n<p>Wir sind zur Teilnahme an einem Streitbeilegungsverfahren vor einer Verbraucherschlichtungsstelle weder bereit noch verpflichtet.<\/p>\n<p>Online-Streitbeilegung gem\u00e4\u00df Art. 14 Abs. 1 ODR-VO: Die Europ\u00e4ische Kommission stellt eine Plattform zur Online-Streitbeilegung (OS) bereit, die Sie unter\u00a0<a title=\"Online-Streitbeilegung der Europ\u00e4ischen Kommision\" href=\"https:\/\/ec.europa.eu\/consumers\/odr\/\" target=\"_blank\" rel=\"nofollow noopener noreferrer\">https:\/\/ec.europa.eu\/consumers\/odr\/<\/a>\u00a0finden.<\/p>\n<\/div>\n<\/div>\n\n\t\t<\/div>\n\t\t\t\t\t<\/div>\n\n\t\n\n<\/div>\n\n<div class=\"is-divider divider clearfix\" style=\"max-width:3000px;background-color:rgb(139, 55, 45);\"><\/div>\n\n\n\t<div id=\"gap-675334348\" class=\"gap-element clearfix\" style=\"display:block; height:auto;\">\n\t\t\n<style>\n#gap-675334348 {\n  padding-top: 65px;\n}\n<\/style>\n\t<\/div>\n\t\n\n\n\t<section class=\"section\" id=\"section_1147173178\">\n\t\t<div class=\"section-bg fill\" >\n\t\t\t\t\t\t\t\t\t\n\t\t\t\n\n\t\t<\/div>\n\n\t\t\n\n\t\t<div class=\"section-content relative\">\n\t\t\t\n\n<div class=\"row\"  id=\"row-93726289\">\n\n\n\t<div id=\"col-1627052939\" class=\"col medium-4 small-12 large-4\"  >\n\t\t\t\t<div class=\"col-inner text-center\"  >\n\t\t\t\n\t\t\t\n\n\t<div class=\"img has-hover x md-x lg-x y md-y lg-y\" id=\"image_1237715697\">\n\t\t\t\t\t\t\t\t<div class=\"img-inner dark\" >\n\t\t\t<img decoding=\"async\" width=\"792\" height=\"792\" data-src=\"https:\/\/b3236045.smushcdn.com\/3236045\/wp-content\/uploads\/2019\/10\/Baum-fusszeile.png?lossy=2&strip=1&webp=1\" class=\"attachment-large size-large lazyload\" alt=\"\" data-srcset=\"https:\/\/b3236045.smushcdn.com\/3236045\/wp-content\/uploads\/2019\/10\/Baum-fusszeile.png?lossy=2&strip=1&webp=1 792w, https:\/\/b3236045.smushcdn.com\/3236045\/wp-content\/uploads\/2019\/10\/Baum-fusszeile-150x150.png?lossy=2&strip=1&webp=1 150w, https:\/\/b3236045.smushcdn.com\/3236045\/wp-content\/uploads\/2019\/10\/Baum-fusszeile-300x300.png?lossy=2&strip=1&webp=1 300w, https:\/\/b3236045.smushcdn.com\/3236045\/wp-content\/uploads\/2019\/10\/Baum-fusszeile-768x768.png?lossy=2&strip=1&webp=1 768w, https:\/\/b3236045.smushcdn.com\/3236045\/wp-content\/uploads\/2019\/10\/Baum-fusszeile.png?size=204x204&lossy=2&strip=1&webp=1 204w, https:\/\/b3236045.smushcdn.com\/3236045\/wp-content\/uploads\/2019\/10\/Baum-fusszeile.png?size=408x408&lossy=2&strip=1&webp=1 408w, https:\/\/b3236045.smushcdn.com\/3236045\/wp-content\/uploads\/2019\/10\/Baum-fusszeile.png?size=612x612&lossy=2&strip=1&webp=1 612w\" data-sizes=\"auto\" src=\"data:image\/svg+xml;base64,PHN2ZyB3aWR0aD0iMSIgaGVpZ2h0PSIxIiB4bWxucz0iaHR0cDovL3d3dy53My5vcmcvMjAwMC9zdmciPjwvc3ZnPg==\" style=\"--smush-placeholder-width: 792px; --smush-placeholder-aspect-ratio: 792\/792;\" data-original-sizes=\"(max-width: 792px) 100vw, 792px\" \/>\t\t\t\t\t\t\n\t\t\t\t\t<\/div>\n\t\t\t\t\t\t\t\t\n<style>\n#image_1237715697 {\n  width: 22%;\n}\n<\/style>\n\t<\/div>\n\t\n\n<p><span style=\"font-size: 110%;\">Gasthof \"Zur Erholung\" Z\u00fcrchel<\/span><br \/><span style=\"font-size: 110%;\">Steffen Paulisch<br \/>E-Mail: <a href=\"mailto:info@gasthofzuerchel.de\">info@gasthofzuerchel.de<\/a><br \/><\/span><\/p>\n\n\t\t<\/div>\n\t\t\t\t\t<\/div>\n\n\t\n\n\t<div id=\"col-449292287\" class=\"col medium-4 small-12 large-4\"  >\n\t\t\t\t<div class=\"col-inner text-center\"  >\n\t\t\t\n\t\t\t\n\n\t<div class=\"img has-hover x md-x lg-x y md-y lg-y\" id=\"image_169427342\">\n\t\t\t\t\t\t\t\t<div class=\"img-inner dark\" >\n\t\t\t<img decoding=\"async\" width=\"792\" height=\"792\" data-src=\"https:\/\/b3236045.smushcdn.com\/3236045\/wp-content\/uploads\/2019\/10\/brief.png?lossy=2&strip=1&webp=1\" class=\"attachment-large size-large lazyload\" alt=\"\" data-srcset=\"https:\/\/b3236045.smushcdn.com\/3236045\/wp-content\/uploads\/2019\/10\/brief.png?lossy=2&strip=1&webp=1 792w, https:\/\/b3236045.smushcdn.com\/3236045\/wp-content\/uploads\/2019\/10\/brief-150x150.png?lossy=2&strip=1&webp=1 150w, https:\/\/b3236045.smushcdn.com\/3236045\/wp-content\/uploads\/2019\/10\/brief-300x300.png?lossy=2&strip=1&webp=1 300w, https:\/\/b3236045.smushcdn.com\/3236045\/wp-content\/uploads\/2019\/10\/brief-768x768.png?lossy=2&strip=1&webp=1 768w, https:\/\/b3236045.smushcdn.com\/3236045\/wp-content\/uploads\/2019\/10\/brief.png?size=204x204&lossy=2&strip=1&webp=1 204w, https:\/\/b3236045.smushcdn.com\/3236045\/wp-content\/uploads\/2019\/10\/brief.png?size=408x408&lossy=2&strip=1&webp=1 408w, https:\/\/b3236045.smushcdn.com\/3236045\/wp-content\/uploads\/2019\/10\/brief.png?size=612x612&lossy=2&strip=1&webp=1 612w\" data-sizes=\"auto\" src=\"data:image\/svg+xml;base64,PHN2ZyB3aWR0aD0iMSIgaGVpZ2h0PSIxIiB4bWxucz0iaHR0cDovL3d3dy53My5vcmcvMjAwMC9zdmciPjwvc3ZnPg==\" style=\"--smush-placeholder-width: 792px; --smush-placeholder-aspect-ratio: 792\/792;\" data-original-sizes=\"(max-width: 792px) 100vw, 792px\" \/>\t\t\t\t\t\t\n\t\t\t\t\t<\/div>\n\t\t\t\t\t\t\t\t\n<style>\n#image_169427342 {\n  width: 22%;\n}\n<\/style>\n\t<\/div>\n\t\n\n<p><span style=\"font-size: 110%;\">Finsterwalder Stra\u00dfe 5<\/span><br \/><span style=\"font-size: 110%;\">03238 Sallgast OT Z\u00fcrchel<br \/>Niederlausitz<br \/><\/span><\/p>\n\n\t\t<\/div>\n\t\t\t\t\t<\/div>\n\n\t\n\n\t<div id=\"col-1851744611\" class=\"col medium-4 small-12 large-4\"  >\n\t\t\t\t<div class=\"col-inner text-center\"  >\n\t\t\t\n\t\t\t\n\n\t<div class=\"img has-hover x md-x lg-x y md-y lg-y\" id=\"image_489762091\">\n\t\t\t\t\t\t\t\t<div class=\"img-inner dark\" >\n\t\t\t<img decoding=\"async\" width=\"793\" height=\"793\" data-src=\"https:\/\/b3236045.smushcdn.com\/3236045\/wp-content\/uploads\/2019\/10\/telefon.png?lossy=2&strip=1&webp=1\" class=\"attachment-large size-large lazyload\" alt=\"\" data-srcset=\"https:\/\/b3236045.smushcdn.com\/3236045\/wp-content\/uploads\/2019\/10\/telefon.png?lossy=2&strip=1&webp=1 793w, https:\/\/b3236045.smushcdn.com\/3236045\/wp-content\/uploads\/2019\/10\/telefon-150x150.png?lossy=2&strip=1&webp=1 150w, https:\/\/b3236045.smushcdn.com\/3236045\/wp-content\/uploads\/2019\/10\/telefon-300x300.png?lossy=2&strip=1&webp=1 300w, https:\/\/b3236045.smushcdn.com\/3236045\/wp-content\/uploads\/2019\/10\/telefon-768x768.png?lossy=2&strip=1&webp=1 768w, https:\/\/b3236045.smushcdn.com\/3236045\/wp-content\/uploads\/2019\/10\/telefon.png?size=204x204&lossy=2&strip=1&webp=1 204w, https:\/\/b3236045.smushcdn.com\/3236045\/wp-content\/uploads\/2019\/10\/telefon.png?size=408x408&lossy=2&strip=1&webp=1 408w, https:\/\/b3236045.smushcdn.com\/3236045\/wp-content\/uploads\/2019\/10\/telefon.png?size=612x612&lossy=2&strip=1&webp=1 612w\" data-sizes=\"auto\" src=\"data:image\/svg+xml;base64,PHN2ZyB3aWR0aD0iMSIgaGVpZ2h0PSIxIiB4bWxucz0iaHR0cDovL3d3dy53My5vcmcvMjAwMC9zdmciPjwvc3ZnPg==\" style=\"--smush-placeholder-width: 793px; --smush-placeholder-aspect-ratio: 793\/793;\" data-original-sizes=\"(max-width: 793px) 100vw, 793px\" \/>\t\t\t\t\t\t\n\t\t\t\t\t<\/div>\n\t\t\t\t\t\t\t\t\n<style>\n#image_489762091 {\n  width: 22%;\n}\n<\/style>\n\t<\/div>\n\t\n\n<p><span style=\"font-size: 110%;\">Tel. <a href=\"tel:+493532955456\">035329 - 55456<\/a><\/span><br \/><span style=\"font-size: 110%;\">Fax: 035329 - 55404<br \/><\/span><\/p>\n\n\t\t<\/div>\n\t\t\t\t\t<\/div>\n\n\t\n\n<\/div>\n\n\t\t<\/div>\n\n\t\t\n<style>\n#section_1147173178 {\n  padding-top: 13px;\n  padding-bottom: 13px;\n}\n<\/style>\n\t<\/section>\n\t\n\n\n","protected":false},"excerpt":{"rendered":"","protected":false},"author":4,"featured_media":0,"parent":0,"menu_order":0,"comment_status":"closed","ping_status":"closed","template":"page-blank.php","meta":{"footnotes":""},"class_list":["post-536","page","type-page","status-publish","hentry"],"_links":{"self":[{"href":"https:\/\/gasthofzuerchel.de\/index.php\/wp-json\/wp\/v2\/pages\/536","targetHints":{"allow":["GET"]}}],"collection":[{"href":"https:\/\/gasthofzuerchel.de\/index.php\/wp-json\/wp\/v2\/pages"}],"about":[{"href":"https:\/\/gasthofzuerchel.de\/index.php\/wp-json\/wp\/v2\/types\/page"}],"author":[{"embeddable":true,"href":"https:\/\/gasthofzuerchel.de\/index.php\/wp-json\/wp\/v2\/users\/4"}],"replies":[{"embeddable":true,"href":"https:\/\/gasthofzuerchel.de\/index.php\/wp-json\/wp\/v2\/comments?post=536"}],"version-history":[{"count":0,"href":"https:\/\/gasthofzuerchel.de\/index.php\/wp-json\/wp\/v2\/pages\/536\/revisions"}],"wp:attachment":[{"href":"https:\/\/gasthofzuerchel.de\/index.php\/wp-json\/wp\/v2\/media?parent=536"}],"curies":[{"name":"wp","href":"https:\/\/api.w.org\/{rel}","templated":true}]}}